{"id":124244,"date":"2022-11-16T17:27:30","date_gmt":"2022-11-16T21:27:30","guid":{"rendered":"https:\/\/seyo.cl\/index.php\/producto\/poleron-con-capucha-emoji-caquita-feliz-navidad-and-all-that-shit\/"},"modified":"2022-11-16T17:45:12","modified_gmt":"2022-11-16T21:45:12","slug":"poleron-con-capucha-emoji-caquita-feliz-navidad-and-all-that-shit","status":"publish","type":"product","link":"https:\/\/seyo.cl\/index.php\/producto\/poleron-con-capucha-emoji-caquita-feliz-navidad-and-all-that-shit\/","title":{"rendered":"Poleron Con Capucha EMOJI CAQUITA Feliz Navidad and all that shit"},"content":{"rendered":"<p>ESTAMPADOS SEYO<br \/>\nTENEMOS TALLAS DESDE LAS CHICAS A LAS EXTRA GRANDES.<br \/>\nPoleras y Polerones 100% algod\u00f3n<br \/>\nProductos de Alta Calidad<br \/>\nRevise nuestra variedad de Dise\u00f1os, Colores y Tallas.<br \/>\nLos env\u00edos se realizan lo m\u00e1s pronto posible, para que reciba los productos en la puerta de su casa sin demora.<br \/>\nEl estampado se realiza al momento de hacer la compra y se env\u00eda al d\u00eda siguiente.<br \/>\nPor esto podemos hacer variaciones de dise\u00f1o, personalizaciones, aplicaci\u00f3n de nombres, entre otros, lo que desee, y se ajuste dentro de las posibilidades. Con un peque\u00f1o costo adicional dependiendo de lo que solicite.<br \/>\nRealiza con confianza todas las consultas te responderemos con la mejor disposici\u00f3n.<\/p>\n<p>(Si su compra es a trav\u00e9s de MercadoLibre recuerde que los env\u00edos son gratuitos cuando las compras son mayores a 16990, y que los env\u00edos los hacemos a trav\u00e9s de mercado env\u00edos para que MercadoLibre asegure el 100% de su dinero)<\/p>\n","protected":false},"excerpt":{"rendered":"<p>Para Hombre y Mujer de calce cl\u00e1sico muy c\u00f3modo, con capucha, canguro, pu\u00f1o en manga y pretina, 100% algod\u00f3n. Estampado con vinil textil de la m\u00e1s alta calidad.<\/p>\n","protected":false},"featured_media":124245,"template":"","meta":[],"product_cat":[162,164,167,180],"product_tag":[188,119,310],"_links":{"self":[{"href":"https:\/\/seyo.cl\/index.php\/wp-json\/wp\/v2\/product\/124244"}],"collection":[{"href":"https:\/\/seyo.cl\/index.php\/wp-json\/wp\/v2\/product"}],"about":[{"href":"https:\/\/seyo.cl\/index.php\/wp-json\/wp\/v2\/types\/product"}],"version-history":[{"count":0,"href":"https:\/\/seyo.cl\/index.php\/wp-json\/wp\/v2\/product\/124244\/revisions"}],"wp:featuredmedia":[{"embeddable":true,"href":"https:\/\/seyo.cl\/index.php\/wp-json\/wp\/v2\/media\/124245"}],"wp:attachment":[{"href":"https:\/\/seyo.cl\/index.php\/wp-json\/wp\/v2\/media?parent=124244"}],"wp:term":[{"taxonomy":"product_cat","embeddable":true,"href":"https:\/\/seyo.cl\/index.php\/wp-json\/wp\/v2\/product_cat?post=124244"},{"taxonomy":"product_tag","embeddable":true,"href":"https:\/\/seyo.cl\/index.php\/wp-json\/wp\/v2\/product_tag?post=124244"}],"curies":[{"name":"wp","href":"https:\/\/api.w.org\/{rel}","templated":true}]}}